{"id":112,"date":"2023-11-07T08:03:50","date_gmt":"2023-11-07T08:03:50","guid":{"rendered":"https:\/\/reggioservice.de\/it\/?page_id=112"},"modified":"2025-12-31T11:24:45","modified_gmt":"2025-12-31T11:24:45","slug":"about-us","status":"publish","type":"page","link":"https:\/\/reggioservice.de\/it\/about-us\/","title":{"rendered":"Chi siamo"},"content":{"rendered":"\t\t<div data-elementor-type=\"wp-page\" data-elementor-id=\"112\" class=\"elementor elementor-112\" data-elementor-post-type=\"page\">\n\t\t\t\t<div class=\"elementor-element elementor-element-6046a81 e-con-full e-flex e-con e-parent\" data-id=\"6046a81\" data-element_type=\"container\" data-settings=\"{&quot;background_background&quot;:&quot;classic&quot;}\">\n\t\t<div class=\"elementor-element elementor-element-fc82906 e-con-full e-flex e-con e-child\" data-id=\"fc82906\" data-element_type=\"container\">\n\t\t<div class=\"elementor-element elementor-element-77b114e e-con-full e-flex e-con e-child\" data-id=\"77b114e\" data-element_type=\"container\">\n\t\t\t\t<div class=\"elementor-element elementor-element-4e02b06 elementor-widget elementor-widget-heading\" data-id=\"4e02b06\" data-element_type=\"widget\" data-widget_type=\"heading.default\">\n\t\t\t\t<div class=\"elementor-widget-container\">\n\t\t\t\t\t<h2 class=\"elementor-heading-title elementor-size-default\">Chi siamo<\/h2>\t\t\t\t<\/div>\n\t\t\t\t<\/div>\n\t\t\t\t<\/div>\n\t\t\t\t<\/div>\n\t\t\t\t<\/div>\n\t\t<div class=\"elementor-element elementor-element-43c2dbf e-flex e-con-boxed e-con e-parent\" data-id=\"43c2dbf\" data-element_type=\"container\">\n\t\t\t\t\t<div class=\"e-con-inner\">\n\t\t<div class=\"elementor-element elementor-element-55b6f8b e-flex e-con-boxed e-con e-child\" data-id=\"55b6f8b\" data-element_type=\"container\">\n\t\t\t\t\t<div class=\"e-con-inner\">\n\t\t\t\t<div class=\"elementor-element elementor-element-e735eb9 elementor-widget elementor-widget-text-editor\" data-id=\"e735eb9\" data-element_type=\"widget\" data-widget_type=\"text-editor.default\">\n\t\t\t\t<div class=\"elementor-widget-container\">\n\t\t\t\t\t\t\t\t\t<p style=\"text-align: justify;\">Reggio Service Srls \u00e8 un&#8217;azienda italiana di import-export con sede nel sud Italia. Forniamo prodotti europei, africani e mediorientali ai nostri clienti, inclusi servizi e logistica, nonch\u00e9 strutture di acquisizione per i nostri partner.<\/p>\t\t\t\t\t\t\t\t<\/div>\n\t\t\t\t<\/div>\n\t\t\t\t<div class=\"elementor-element elementor-element-441e7e5 elementor-widget elementor-widget-heading\" data-id=\"441e7e5\" data-element_type=\"widget\" data-widget_type=\"heading.default\">\n\t\t\t\t<div class=\"elementor-widget-container\">\n\t\t\t\t\t<h2 class=\"elementor-heading-title elementor-size-default\">Esportazione e importazione<\/h2>\t\t\t\t<\/div>\n\t\t\t\t<\/div>\n\t\t\t\t<div class=\"elementor-element elementor-element-cdfcae2 elementor-widget elementor-widget-text-editor\" data-id=\"cdfcae2\" data-element_type=\"widget\" data-widget_type=\"text-editor.default\">\n\t\t\t\t<div class=\"elementor-widget-container\">\n\t\t\t\t\t\t\t\t\t<p style=\"text-align: justify;\">Esportazioni e importazioni sono componenti vitali dell&#8217;economia globale, trainando la crescita, l&#8217;innovazione e la connettivit\u00e0 tra i paesi. Questi processi offrono alle nazioni l&#8217;opportunit\u00e0 di sfruttare le proprie capacit\u00e0 e i propri vantaggi competitivi, accedere a risorse diversificate e partecipare attivamente al mercato globale. Nonostante le sfide esistenti, i vantaggi del commercio internazionale attraverso esportazioni e importazioni superano di gran lunga i suoi svantaggi, rendendole motori essenziali del commercio globale e dello sviluppo economico.<\/p>\t\t\t\t\t\t\t\t<\/div>\n\t\t\t\t<\/div>\n\t\t\t\t<div class=\"elementor-element elementor-element-46a2386 elementor-widget elementor-widget-heading\" data-id=\"46a2386\" data-element_type=\"widget\" data-widget_type=\"heading.default\">\n\t\t\t\t<div class=\"elementor-widget-container\">\n\t\t\t\t\t<h2 class=\"elementor-heading-title elementor-size-default\">Partner giusto<\/h2>\t\t\t\t<\/div>\n\t\t\t\t<\/div>\n\t\t\t\t<div class=\"elementor-element elementor-element-e93a667 elementor-widget elementor-widget-text-editor\" data-id=\"e93a667\" data-element_type=\"widget\" data-widget_type=\"text-editor.default\">\n\t\t\t\t<div class=\"elementor-widget-container\">\n\t\t\t\t\t\t\t\t\t<p style=\"text-align: justify;\">Senza una navigazione accurata, non \u00e8 possibile fare affari, e scegliere il partner giusto lungo il percorso semplifica le sfide del viaggio. Grazie all&#8217;esperienza e alla competenza di un team consolidato nei settori dell&#8217;export e dell&#8217;import, del trasporto internazionale e dello sdoganamento, ci impegniamo a fornire il massimo livello di servizi.<\/p>\t\t\t\t\t\t\t\t<\/div>\n\t\t\t\t<\/div>\n\t\t\t\t<div class=\"elementor-element elementor-element-171408c elementor-widget elementor-widget-heading\" data-id=\"171408c\" data-element_type=\"widget\" data-widget_type=\"heading.default\">\n\t\t\t\t<div class=\"elementor-widget-container\">\n\t\t\t\t\t<h2 class=\"elementor-heading-title elementor-size-default\">Facilitazione dei processi commerciali<\/h2>\t\t\t\t<\/div>\n\t\t\t\t<\/div>\n\t\t\t\t<div class=\"elementor-element elementor-element-04bc0ec elementor-widget elementor-widget-text-editor\" data-id=\"04bc0ec\" data-element_type=\"widget\" data-widget_type=\"text-editor.default\">\n\t\t\t\t<div class=\"elementor-widget-container\">\n\t\t\t\t\t\t\t\t\t<p>Facilitare i processi commerciali e creare soddisfazione per i commercianti internazionali attraverso l&#8217;offerta di servizi di alta qualit\u00e0 \u00e8 stato il fattore chiave della nostra crescita e del nostro sviluppo dal passato al presente. Region Service \u00e8 riconosciuta come un acceleratore dei processi commerciali nei mercati globali grazie alle sue attivit\u00e0 di commercializzazione di un&#8217;ampia gamma di beni e attrezzature.<\/p>\t\t\t\t\t\t\t\t<\/div>\n\t\t\t\t<\/div>\n\t\t\t\t<div class=\"elementor-element elementor-element-88bddaa elementor-widget elementor-widget-heading\" data-id=\"88bddaa\" data-element_type=\"widget\" data-widget_type=\"heading.default\">\n\t\t\t\t<div class=\"elementor-widget-container\">\n\t\t\t\t\t<h2 class=\"elementor-heading-title elementor-size-default\">L'obiettivo del Servizio Regionale<\/h2>\t\t\t\t<\/div>\n\t\t\t\t<\/div>\n\t\t\t\t<div class=\"elementor-element elementor-element-de54559 elementor-widget elementor-widget-text-editor\" data-id=\"de54559\" data-element_type=\"widget\" data-widget_type=\"text-editor.default\">\n\t\t\t\t<div class=\"elementor-widget-container\">\n\t\t\t\t\t\t\t\t\t<p>L&#8217;obiettivo di Region Service \u00e8 accelerare i flussi commerciali, importare materie prime, esportare i prodotti degli operatori economici e fornire le attrezzature necessarie a produttori di tutto il mondo. L&#8217;utilizzo delle soluzioni di Region Service risponde efficacemente alle esigenze dei professionisti attivi in \u200b\u200bquesto settore.<\/p><p>Con l&#8217;obiettivo di facilitare le attivit\u00e0 commerciali, Region Service fornisce servizi completi e integrati e si \u00e8 guadagnata la fiducia dei commercianti grazie al supporto di un team impegnato e professionale.<\/p><p>Concentrandoci sulla fornitura di vari beni, attrezzature necessarie, materie prime essenziali e macchinari industriali in Medio Oriente, Europa e Africa, svolgiamo un ruolo importante e prezioso nell&#8217;approvvigionamento di materiali e attrezzature, soddisfacendo pienamente le esigenze di produttori di tutto il mondo.<\/p>\t\t\t\t\t\t\t\t<\/div>\n\t\t\t\t<\/div>\n\t\t\t\t\t<\/div>\n\t\t\t\t<\/div>\n\t\t\t\t\t<\/div>\n\t\t\t\t<\/div>\n\t\t\t\t<\/div>\n\t\t","protected":false},"excerpt":{"rendered":"<p>Reggio Service Srls \u00e8 un&#8217;azienda italiana di import-export con sede nel sud Italia. Forniamo prodotti europei, africani e mediorientali ai nostri clienti, inclusi servizi e logistica, nonch\u00e9 strutture di acquisizione per i nostri partner. Esportazione e importazione Esportazioni e importazioni sono componenti vitali dell&#8217;economia globale, trainando la crescita, l&#8217;innovazione e la connettivit\u00e0 tra i paesi. [&hellip;]<\/p>\n","protected":false},"author":1,"featured_media":0,"parent":0,"menu_order":0,"comment_status":"closed","ping_status":"closed","template":"elementor_header_footer","meta":{"footnotes":""},"class_list":["post-112","page","type-page","status-publish","hentry"],"_links":{"self":[{"href":"https:\/\/reggioservice.de\/it\/wp-json\/wp\/v2\/pages\/112","targetHints":{"allow":["GET"]}}],"collection":[{"href":"https:\/\/reggioservice.de\/it\/wp-json\/wp\/v2\/pages"}],"about":[{"href":"https:\/\/reggioservice.de\/it\/wp-json\/wp\/v2\/types\/page"}],"author":[{"embeddable":true,"href":"https:\/\/reggioservice.de\/it\/wp-json\/wp\/v2\/users\/1"}],"replies":[{"embeddable":true,"href":"https:\/\/reggioservice.de\/it\/wp-json\/wp\/v2\/comments?post=112"}],"version-history":[{"count":43,"href":"https:\/\/reggioservice.de\/it\/wp-json\/wp\/v2\/pages\/112\/revisions"}],"predecessor-version":[{"id":751,"href":"https:\/\/reggioservice.de\/it\/wp-json\/wp\/v2\/pages\/112\/revisions\/751"}],"wp:attachment":[{"href":"https:\/\/reggioservice.de\/it\/wp-json\/wp\/v2\/media?parent=112"}],"curies":[{"name":"wp","href":"https:\/\/api.w.org\/{rel}","templated":true}]}}